{"id":725,"date":"2011-06-10T15:30:41","date_gmt":"2011-06-10T15:30:41","guid":{"rendered":"http:\/\/ormanbiziz.com\/?page_id=725"},"modified":"2011-06-15T14:24:28","modified_gmt":"2011-06-15T14:24:28","slug":"orman-biziz-sarkisi","status":"publish","type":"page","link":"https:\/\/ormanbiziz.com\/?page_id=725","title":{"rendered":"\u015eark\u0131m\u0131z-Video Clip"},"content":{"rendered":"<p><object classid=\"clsid:d27cdb6e-ae6d-11cf-96b8-444553540000\" width=\"400\" height=\"227\" codebase=\"http:\/\/download.macromedia.com\/pub\/shockwave\/cabs\/flash\/swflash.cab#version=6,0,40,0\"><param name=\"allowfullscreen\" value=\"true\" \/><param name=\"allowscriptaccess\" value=\"always\" \/><param name=\"src\" value=\"http:\/\/vimeo.com\/moogaloop.swf?clip_id=24924440&amp;server=vimeo.com&amp;show_title=1&amp;show_byline=1&amp;show_portrait=1&amp;color=00adef&amp;fullscreen=1&amp;autoplay=0&amp;loop=0\" \/><embed type=\"application\/x-shockwave-flash\" width=\"400\" height=\"227\" src=\"http:\/\/vimeo.com\/moogaloop.swf?clip_id=24924440&amp;server=vimeo.com&amp;show_title=1&amp;show_byline=1&amp;show_portrait=1&amp;color=00adef&amp;fullscreen=1&amp;autoplay=0&amp;loop=0\" allowscriptaccess=\"always\" allowfullscreen=\"true\"><\/embed><\/object><\/p>\n<p><a href=\"http:\/\/vimeo.com\/24924440\">Ormanbiziz_Koro<br \/>\n<\/a><span style=\"color: #808080;\"><strong>Orman Biziz Video-Clip,<\/strong> Y\u00fckleme ba\u015flad\u0131ktan sonra &#8220;pause&#8221; tu\u015funa  basarak y\u00fcklemenin tamamlanmas\u0131n\u0131 bekleyin, bu \u015fekilde filmi daha ak\u0131c\u0131  \u015fekilde izleyebilirsiniz.<\/span><\/p>\n<p>S\u00f6z:T. Fikret U\u00e7ar &#8211; M\u00fczik: \u00d6zge G\u00fcncan<\/p>\n<p><span style=\"color: #333333;\"><strong>Orman biziz biz orman\u0131z, do\u011fa dostu \u00e7ocuklar\u0131z<br \/>\n<\/strong><\/span><strong>Yar\u0131nlar\u0131n umutlar\u0131, hem bilgili hem \u00fcretken<br \/>\nYar\u0131nlar\u0131n umutlar\u0131, sevgi dolu \u00e7ocuklar\u0131z<\/strong><\/p>\n<p><strong>Yar\u0131nlar\u0131n bilginleri, doktorlar\u0131 m\u00fchendisi<br \/>\n\u00c7evre dostu \u00e7ocuklar\u0131z, sanatc\u0131s\u0131 \u00f6\u011fretmeni<br \/>\nYar\u0131nlar\u0131n umutlar\u0131, g\u00fcven veren \u00e7ocuklar\u0131z<\/strong><\/p>\n<p><strong>Orman biziz biz orman\u0131z, \u00e7evre dostu \u00e7ocuklar\u0131z<br \/>\nG\u00f6knar me\u015fe ard\u0131\u00e7 sedir, bu evrenin nefesidir<br \/>\n<\/strong><strong>Umutlan\u0131n ey b\u00fcy\u00fckler, orman biziz biz orman\u0131z&#8230;<\/strong><\/p>\n<p><strong> <\/strong><\/p>\n","protected":false},"excerpt":{"rendered":"<p>Ormanbiziz_Koro Orman Biziz Video-Clip, Y\u00fckleme ba\u015flad\u0131ktan sonra &#8220;pause&#8221; tu\u015funa basarak y\u00fcklemenin tamamlanmas\u0131n\u0131 bekleyin, bu \u015fekilde filmi daha ak\u0131c\u0131 \u015fekilde izleyebilirsiniz. S\u00f6z:T. Fikret U\u00e7ar &#8211; M\u00fczik: \u00d6zge G\u00fcncan Orman biziz biz orman\u0131z, do\u011fa dostu \u00e7ocuklar\u0131z Yar\u0131nlar\u0131n umutlar\u0131, hem bilgili hem \u00fcretken Yar\u0131nlar\u0131n umutlar\u0131, sevgi dolu \u00e7ocuklar\u0131z Yar\u0131nlar\u0131n bilginleri, doktorlar\u0131 m\u00fchendisi \u00c7evre dostu \u00e7ocuklar\u0131z, sanatc\u0131s\u0131 \u00f6\u011fretmeni Yar\u0131nlar\u0131n [&hellip;]<\/p>\n","protected":false},"author":1,"featured_media":0,"parent":223,"menu_order":0,"comment_status":"open","ping_status":"open","template":"","meta":[],"_links":{"self":[{"href":"https:\/\/ormanbiziz.com\/index.php?rest_route=\/wp\/v2\/pages\/725"}],"collection":[{"href":"https:\/\/ormanbiziz.com\/index.php?rest_route=\/wp\/v2\/pages"}],"about":[{"href":"https:\/\/ormanbiziz.com\/index.php?rest_route=\/wp\/v2\/types\/page"}],"author":[{"embeddable":true,"href":"https:\/\/ormanbiziz.com\/index.php?rest_route=\/wp\/v2\/users\/1"}],"replies":[{"embeddable":true,"href":"https:\/\/ormanbiziz.com\/index.php?rest_route=%2Fwp%2Fv2%2Fcomments&post=725"}],"version-history":[{"count":10,"href":"https:\/\/ormanbiziz.com\/index.php?rest_route=\/wp\/v2\/pages\/725\/revisions"}],"predecessor-version":[{"id":728,"href":"https:\/\/ormanbiziz.com\/index.php?rest_route=\/wp\/v2\/pages\/725\/revisions\/728"}],"up":[{"embeddable":true,"href":"https:\/\/ormanbiziz.com\/index.php?rest_route=\/wp\/v2\/pages\/223"}],"wp:attachment":[{"href":"https:\/\/ormanbiziz.com\/index.php?rest_route=%2Fwp%2Fv2%2Fmedia&parent=725"}],"curies":[{"name":"wp","href":"https:\/\/api.w.org\/{rel}","templated":true}]}}