{"id":706,"date":"2011-05-19T09:30:50","date_gmt":"2011-05-19T09:30:50","guid":{"rendered":"http:\/\/ormanbiziz.com\/?page_id=706"},"modified":"2011-05-19T10:05:40","modified_gmt":"2011-05-19T10:05:40","slug":"5-etkinligin-ardindan","status":"publish","type":"page","link":"https:\/\/ormanbiziz.com\/?page_id=706","title":{"rendered":"5. Etkinli\u011fin Ard\u0131ndan"},"content":{"rendered":"<p><strong>5. Etkinli\u011fin Ard\u0131ndan\u2026<\/strong><br \/>\nG\u00f6r\u00fc\u015fmeyeli tam iki hafta olmu\u015ftu. 9 Nisan sabah\u0131nda yeni bir g\u00fcn bize merhaba derken g\u00fcne\u015f adeta y\u00fcz\u00fcm\u00fcz\u00fc \u0131s\u0131t\u0131yordu. Yeni bir etkinli\u011fin heyecan\u0131 ile arkada\u015flar\u0131m\u0131zla okulun \u00f6n\u00fcnde topland\u0131k. Otob\u00fcse yerle\u015ftikten sonra Mehmet ve \u015eebnem \u00f6\u011fretmenlerimiz yoklama yapt\u0131 ve haz\u0131rl\u0131klar\u0131m\u0131z tamamlan\u0131nca yola koyulduk. Bug\u00fcnk\u00fc etkinli\u011fimiz her zamankinden daha yak\u0131nd\u0131 bizlere, kamp\u00fcs\u00fcn i\u00e7indeki Fen Fak\u00fcltesi idi gidece\u011fimiz adres. Belki de \u00e7o\u011fumuz ilk defa bir fak\u00fcltenin i\u00e7ine girecekti. Otob\u00fcste \u00f6\u011fretmenimiz bug\u00fcn Fen Fak\u00fcltesi\u2019nde nelerin bizi bekledi\u011fini anlatt\u0131. Hepimiz \u00e7ok mutlu ve heyecanl\u0131yd\u0131k ve sonra yolculu\u011fumuz ba\u015flad\u0131.<br \/>\nFak\u00fclteye geldi\u011fimizde bir s\u00fcrprizin bizi bekledi\u011fini g\u00f6rd\u00fck. <strong>TRT-Okul<\/strong> kanal\u0131nda \u00e7evre sorunlar\u0131n\u0131 konu alan Ayak \u0130zimiz program\u0131 bizleri \u00e7ekmeye gelmi\u015fti. Art\u0131k do\u011fa okuluna kat\u0131lamayan belki di\u011fer \u015fehirlerdeki arkada\u015flar\u0131m\u0131z da bizleri izleyebilecek ve neler \u00f6\u011frendi\u011fimizi g\u00f6receklerdi.<br \/>\nOtob\u00fcsten inince s\u0131raya girdik ve Fikret ve \u015eefika \u00f6\u011fretmenlerimiz e\u015fli\u011finde Fen Fak\u00fcltesinden i\u00e7eriye do\u011fru ad\u0131mlar\u0131m\u0131z\u0131 att\u0131k. Biyoloji b\u00f6l\u00fcm\u00fcne ait bir derslikte yerlerimize oturduk. Buras\u0131 bizim s\u0131n\u0131flar\u0131m\u0131zdan biraz farkl\u0131yd\u0131. Daha b\u00fcy\u00fck sandalyeler, uzunca masalar ve i\u00e7leri mikroskoplarla dolu dolaplar vard\u0131. Evet evet buras\u0131 laboratuvar olmal\u0131yd\u0131. Etraf\u0131m\u0131z\u0131 inceleyip burada bilimle u\u011fra\u015fan insanlar\u0131n oturdu\u011funu d\u00fc\u015f\u00fcnmek bizleri daha fazla heyecanland\u0131rd\u0131.<br \/>\nAyla \u00f6\u011fretmenimiz \u00f6nceki hafta yapt\u0131\u011f\u0131m\u0131z etkinliklerin hat\u0131rlatmas\u0131n\u0131 yapt\u0131. A\u011fa\u00e7 dikimi ve bak\u0131m\u0131n\u0131n nas\u0131l yap\u0131ld\u0131\u011f\u0131, dikim s\u0131ras\u0131nda nelere dikkat etmemiz gerekti\u011fi, sulama ve budaman\u0131n nas\u0131l olmas\u0131 gerekti\u011fi hakk\u0131nda bilgilerimizi tazeledik. Ge\u00e7en hafta a\u011fa\u00e7lar\u0131 kendimiz dikti\u011fimiz i\u00e7in hepsinin nas\u0131l olmas\u0131 gerekti\u011fini \u00f6\u011fretmenimiz sordu\u011funda art\u0131k daha kolay anlatabiliyorduk.<br \/>\nNot defterlerimizi ve kalemlerimizi haz\u0131rlad\u0131ktan sonra Cengiz \u00d6\u011fretmenimiz ile birlikte laboratuardan \u00e7\u0131kt\u0131k. \u0130lk g\u00f6zlemlerimizi Zooloji m\u00fczesinde yapt\u0131k. Burada dolaplar i\u00e7inde bir\u00e7ok \u00e7ekmece vard\u0131 ve \u00e7ekmecelerin i\u00e7leri daha \u00f6nce g\u00f6rmedi\u011fimiz \u00e7e\u015fitte eklembacakl\u0131lar ile doluydu. \u00c7ok say\u0131da sinekler, de\u011fi\u015fik \u00e7e\u015fitte b\u00f6cekler, rengarenk kelebekler \u00e7ekmecelerin i\u00e7inde sanki dokunsak u\u00e7acakm\u0131\u015f gibi canl\u0131 g\u00f6r\u00fcn\u00fcyorlard\u0131. Her biri o kadar d\u00fczenle dizilmi\u015fti ki belki de daha \u00f6nce hi\u00e7 onlara bu kadar yak\u0131ndan bakma f\u0131rsat\u0131m\u0131z olmam\u0131\u015ft\u0131. Cengiz \u00f6\u011fretmenimiz zooloji yani hayvanlara ait olan bu m\u00fczede bu k\u00fc\u00e7\u00fck canl\u0131lar\u0131n nas\u0131l bu kadar canl\u0131 gibi korundu\u011funu bizlere anlatt\u0131. Hepimiz b\u00f6cekleri g\u00f6r\u00fcnce hayretler i\u00e7inde kalm\u0131\u015ft\u0131k. Ard\u0131ndan ger\u00e7ek bir y\u0131lan ile kar\u015f\u0131 kar\u015f\u0131ya kald\u0131k, cam bir akvaryum i\u00e7inde k\u0131vr\u0131lm\u0131\u015f bize do\u011fru bak\u0131yordu. Sevimli ama \u00fcrk\u00fct\u00fcc\u00fc g\u00f6r\u00fcn\u00fcyordu. Zooloji m\u00fczesinden sonra koridor boyunca bulunan camekanlar i\u00e7indeki doldurulmu\u015f ku\u015flar\u0131, s\u00fcr\u00fcngenleri, kurba\u011falar\u0131, bal\u0131klar\u0131, baz\u0131 hayvanlara ait iskeletleri ve kemikleri, onlar\u0131n yumurtalar\u0131n\u0131, \u00e7e\u015fitli bitkileri ve tohumlar\u0131n\u0131 g\u00f6zlemleme f\u0131rsat\u0131m\u0131z oldu. Bunlar aras\u0131nda g\u00f6r\u00fcnce bizi en \u015fa\u015f\u0131rtan kocaman bir domuzdu. Sanki canl\u0131 gibi cam dolab\u0131n i\u00e7inden bize g\u00fcl\u00fcms\u00fcyordu. Daha \u00f6nce belgesellerde izledi\u011fimiz canl\u0131lar \u015fimdi kar\u015f\u0131m\u0131zda duruyordu. G\u00f6rd\u00fc\u011f\u00fcm\u00fcz her \u015fey bizi bazen korkuturken bazen \u015fa\u015f\u0131rt\u0131yor ve yeni \u015feyler g\u00f6rmenin heyecan\u0131 ile her birimiz g\u00fcl\u00fcms\u00fcyorduk.<br \/>\nFak\u00fclte i\u00e7indeki gezimizin ard\u0131ndan tekrardan biyoloji laboratuar\u0131nda ki yerlerimizi ald\u0131k. H\u00fcseyin \u00f6\u011fretmenimiz bu haftan\u0131n konusu olan ormana nelerin zarar verdi\u011finden bahsetti. Ormanlara zarar veren en b\u00fcy\u00fck etmenin yang\u0131nlar oldu\u011funu, yang\u0131nlara en \u00e7ok insanlar\u0131n sebep oldu\u011funu, \u015fim\u015fek, volkan patlamas\u0131 gibi do\u011fal nedenlerden kaynaklanan yang\u0131nlar\u0131n ise az say\u0131da g\u00f6zlemlendi\u011fini, bunun d\u0131\u015f\u0131nda kurakl\u0131\u011f\u0131n, ka\u00e7ak a\u011fa\u00e7 kesiminin, hava kirlili\u011fine neden olan deodorantlar, fabrika bacalar\u0131 ve araban\u0131n egzozundan \u00e7\u0131kan dumanlar\u0131n ormanlara nas\u0131l zarar verdi\u011fini, baz\u0131 zararl\u0131 b\u00f6ceklerin yapraklar\u0131 kemirdi\u011fini,k\u0131l ke\u00e7isinin yeni \u00e7\u0131kan fidanlar\u0131 yiyerek orman olu\u015fumunu etkiledi\u011fini \u00f6\u011frendik. \u0130nsanlara ormanlar\u0131 korumada \u00e7ok b\u00fcy\u00fck bir g\u00f6rev d\u00fc\u015ft\u00fc\u011f\u00fcn\u00fc anlatan \u00f6\u011fretmenimiz, ormanlarda g\u00fcvenlik tedbiri almadan ate\u015f yakmamam\u0131z, yak\u0131lan ate\u015fin s\u00f6nd\u00fcrmemiz, cam k\u0131r\u0131klar\u0131n\u0131 ormanda b\u0131rakmam\u0131z ve kesilen a\u011fa\u00e7lar\u0131n yerine yenilerini dikmemiz gerekti\u011fi konusunda bizleri uyard\u0131.<br \/>\nCengiz \u00f6\u011fretmenimiz ve \u00f6\u011frencileri g\u00f6zle g\u00f6remedi\u011fimiz canl\u0131lar hakk\u0131nda bizi bilgilendirdiler. Tek h\u00fccreli hayvanlardan terliksi hayvan\u0131 ve baz\u0131 basit yap\u0131l\u0131 canl\u0131lar\u0131, su piresini slaytlar \u00fczerinde g\u00f6rme \u015fans\u0131m\u0131z oldu. Asl\u0131nda bizim g\u00f6rmedi\u011fimiz di\u011fer canl\u0131lar\u0131nda kocaman bir d\u00fcnyas\u0131 oldu\u011funu, havada, suda, bulundu\u011fumuz her ortamda ya\u015fayabildiklerini \u00f6\u011frendik. Ard\u0131ndan Cengiz \u00f6\u011fretmenimiz bu \u00e7\u0131plak g\u00f6zle g\u00f6remedi\u011fimiz canl\u0131lar\u0131 g\u00f6rmenin tek yolu olan mikroskopla bizleri tan\u0131\u015ft\u0131rd\u0131. \u00c7ok heyecanl\u0131yd\u0131k. Hepimiz s\u0131rayla mikroskoptan basit yap\u0131l\u0131 canl\u0131lar\u0131, baz\u0131 bitkisel ve hayvansal preparatlar\u0131 inceledik. Mikroskobun ard\u0131nda \u00e7ok farkl\u0131 bir d\u00fcnyaya g\u00f6zlerimizi a\u00e7t\u0131k. Normalde g\u00f6remedi\u011fimiz her \u015fey bir anda b\u00fcy\u00fcm\u00fc\u015ft\u00fc ve kar\u015f\u0131m\u0131zdayd\u0131.<br \/>\n\u00d6\u011frendi\u011fimiz yeni \u015feyler ve Biyolojinin farkl\u0131 d\u00fcnyas\u0131 ile tan\u0131\u015fm\u0131\u015f olman\u0131n heyecan\u0131 ile karn\u0131m\u0131z iyice ac\u0131km\u0131\u015ft\u0131. \u00d6\u011fretmenlerimiz e\u015fli\u011finde kamp\u00fcs i\u00e7inde bulunan Pino\u2019ya do\u011fru y\u00fcr\u00fcd\u00fck. Sab\u0131rs\u0131zl\u0131kla beklenen \u00f6\u011fle yeme\u011finin ard\u0131ndan gelecek hafta bulu\u015fmak \u00fczere arkada\u015flar\u0131m\u0131zla vedala\u015ft\u0131k. Art\u0131k eve gidince anne babalar\u0131m\u0131za anlatacak o kadar \u00e7ok \u015fey vard\u0131 ki\u2026<\/p>\n","protected":false},"excerpt":{"rendered":"<p>5. Etkinli\u011fin Ard\u0131ndan\u2026 G\u00f6r\u00fc\u015fmeyeli tam iki hafta olmu\u015ftu. 9 Nisan sabah\u0131nda yeni bir g\u00fcn bize merhaba derken g\u00fcne\u015f adeta y\u00fcz\u00fcm\u00fcz\u00fc \u0131s\u0131t\u0131yordu. Yeni bir etkinli\u011fin heyecan\u0131 ile arkada\u015flar\u0131m\u0131zla okulun \u00f6n\u00fcnde topland\u0131k. Otob\u00fcse yerle\u015ftikten sonra Mehmet ve \u015eebnem \u00f6\u011fretmenlerimiz yoklama yapt\u0131 ve haz\u0131rl\u0131klar\u0131m\u0131z tamamlan\u0131nca yola koyulduk. Bug\u00fcnk\u00fc etkinli\u011fimiz her zamankinden daha yak\u0131nd\u0131 bizlere, kamp\u00fcs\u00fcn i\u00e7indeki Fen Fak\u00fcltesi [&hellip;]<\/p>\n","protected":false},"author":1,"featured_media":0,"parent":292,"menu_order":0,"comment_status":"open","ping_status":"open","template":"","meta":[],"_links":{"self":[{"href":"https:\/\/ormanbiziz.com\/index.php?rest_route=\/wp\/v2\/pages\/706"}],"collection":[{"href":"https:\/\/ormanbiziz.com\/index.php?rest_route=\/wp\/v2\/pages"}],"about":[{"href":"https:\/\/ormanbiziz.com\/index.php?rest_route=\/wp\/v2\/types\/page"}],"author":[{"embeddable":true,"href":"https:\/\/ormanbiziz.com\/index.php?rest_route=\/wp\/v2\/users\/1"}],"replies":[{"embeddable":true,"href":"https:\/\/ormanbiziz.com\/index.php?rest_route=%2Fwp%2Fv2%2Fcomments&post=706"}],"version-history":[{"count":3,"href":"https:\/\/ormanbiziz.com\/index.php?rest_route=\/wp\/v2\/pages\/706\/revisions"}],"predecessor-version":[{"id":708,"href":"https:\/\/ormanbiziz.com\/index.php?rest_route=\/wp\/v2\/pages\/706\/revisions\/708"}],"up":[{"embeddable":true,"href":"https:\/\/ormanbiziz.com\/index.php?rest_route=\/wp\/v2\/pages\/292"}],"wp:attachment":[{"href":"https:\/\/ormanbiziz.com\/index.php?rest_route=%2Fwp%2Fv2%2Fmedia&parent=706"}],"curies":[{"name":"wp","href":"https:\/\/api.w.org\/{rel}","templated":true}]}}