{"id":703,"date":"2011-05-13T12:27:04","date_gmt":"2011-05-13T12:27:04","guid":{"rendered":"http:\/\/ormanbiziz.com\/?page_id=703"},"modified":"2011-05-13T12:27:04","modified_gmt":"2011-05-13T12:27:04","slug":"6-etkinligin-ardindan","status":"publish","type":"page","link":"https:\/\/ormanbiziz.com\/?page_id=703","title":{"rendered":"6. Etkinli\u011fin Ard\u0131ndan"},"content":{"rendered":"<p><strong>6. Etkinli\u011fin Ard\u0131ndan&#8230;<\/strong><\/p>\n<p>30 Nisan 2011 g\u00fcn\u00fc her zamanki gibi sabah saat 9:00\u2032da \u00c7a\u011fda\u015f \u0130lk\u00f6\u011fretim Okulu\u2019nun \u00f6n\u00fcnde bulu\u015ftuk. Otob\u00fcs\u00fcm\u00fcz bizi g\u00f6t\u00fcrmek i\u00e7in haz\u0131rd\u0131 ve Mehmet ve Tu\u011fberk \u00f6\u011fretmenlerimiz yoklama yaparak yola \u00e7\u0131kma i\u00e7in son haz\u0131rl\u0131klar\u0131 yap\u0131yordu. Hava p\u0131r\u0131l p\u0131r\u0131ld\u0131 ve g\u00fcne\u015f bize hadi bakal\u0131m orman biziz \u00e7ocuklar\u0131 gene evrenden torpiliniz var dercesine bak\u0131yordu. K\u0131p\u0131r k\u0131p\u0131rd\u0131 i\u00e7lerimiz acaba bug\u00fcn do\u011fa ile ilgili neler \u00f6\u011frenecektik. O s\u0131rada bir g\u00f6l kenar\u0131na gidece\u011fimiz efsanesi dola\u015fmaya ba\u015flam\u0131\u015ft\u0131. Hepimiz \u00e7ok heyecanl\u0131yd\u0131k ve neler ke\u015ffedece\u011fimizi merak ediyorduk. Gene arazide olaca\u011f\u0131m\u0131z i\u00e7in \u00e7ok mutluyduk. Otob\u00fcste yerlerimizi ald\u0131ktan sonra zevkli yolculu\u011fumuz ba\u015flam\u0131\u015ft\u0131. Mehmet \u00f6\u011fretmen bize bug\u00fcn yapacaklar\u0131m\u0131z\u0131 anlatt\u0131ktan sonra g\u00f6let kenar\u0131nda dikkatli olmam\u0131z\u0131 ve gerekti\u011finde birbirimizi bizlerin de uyarmas\u0131 gerekti\u011fini s\u00f6yledi. Di\u011fer etkinliklerde oldu\u011fu gibi dakika dakika her\u015fey planlanm\u0131\u015ft\u0131. Mehmet \u00f6\u011fretmen bug\u00fcn <strong>Do\u011fada Olas\u0131 Tehlikeler,<\/strong><strong> <\/strong>Korunma ve Temel \u0130lk Yard\u0131m konular\u0131nda e\u011fitim alaca\u011f\u0131m\u0131z\u0131 ve konuk bir \u00f6\u011fretmenimizin de Musa\u00f6z\u00fc g\u00f6letinde bize kat\u0131laca\u011f\u0131n\u0131\u00a0 bildirdi. Olas\u0131 tehlikeler hakk\u0131nda bizaz olsun temel bilgilerimiz vard\u0131 ancak ilk yard\u0131m konusu bizi daha \u00e7ok heyecanland\u0131r\u0131yordu. Nas\u0131l olacakt\u0131 acaba?<\/p>\n<p>\u015eefika \u00f6\u011fretmenimiz \u201cHeyelan, F\u0131rt\u0131na, \u00c7\u0131\u011f d\u00fc\u015fmesi gibi do\u011fa olaylar\u0131\u201d konusuna bize bilgiler verdi. Bu bilgileri soru cevap \u015feklinde aktararak bu bilgelerin bizler i\u00e7in kal\u0131c\u0131 olmas\u0131n\u0131 sa\u011flad\u0131. Daha \u00f6nceki e\u011fitimlerde do\u011fadaki muhte\u015fem dengenin \u00f6nemini anlam\u0131\u015ft\u0131k. Bu muhte\u015fem denge i\u00e7erinde kar\u015f\u0131m\u0131za \u00e7\u0131kabilecek do\u011fadaki olas\u0131 tehlikeleri hatta do\u011fan\u0131n do\u011faya ve do\u011fan\u0131n insana yaratabilece\u011fi tehlikeler konusunda \u00f6nemli bilgiler edinmi\u015ftik. Yakla\u015f\u0131k 45 dakikal\u0131k bir yolculuk yapt\u0131ktan sonra Musa\u00f6z\u00fc g\u00f6letine iyice yakla\u015fm\u0131\u015ft\u0131k ki g\u00f6ky\u00fcz\u00fcnde bir do\u011fan muhte\u015fem s\u00fcz\u00fcl\u00fc\u015f\u00fcyle bizleri kar\u015f\u0131lad\u0131. Otob\u00fcs\u00fcm\u00fcze o kadar yakla\u015ft\u0131 ki sanki orman biziz \u00e7ocuklar\u0131n\u0131 selaml\u0131yordu. Hepimiz \u00e7ok mutlu olmu\u015ftuk. Yine do\u011fayla ba\u015f ba\u015fa g\u00fczel bir g\u00fcn ge\u00e7irecektik. Sonunda otob\u00fcs\u00fcm\u00fcz g\u00f6let kenar\u0131ndaki park alan\u0131na gelmi\u015fti ve hep birlikte a\u015fa\u011f\u0131ya indik. Otob\u00fcsten inince g\u00fcne\u015fli tertemiz bir havayla kar\u015f\u0131la\u015ft\u0131k. Musa\u00f6z\u00fc g\u00f6letindeki do\u011fal ortam\u0131nbizler i\u00e7in \u00fcretti\u011fi saf ve tertemiz oksijeni \u00e7ektik minik \u00e7i\u011ferlerimize dolu dolu\u2026.<\/p>\n<p>Kar\u015f\u0131m\u0131zda \u00e7ocuk doktorumuz Arma\u011fan \u00f6\u011fretmen yan\u0131nda Tevfik \u00f6\u011fretmenle birlikte bize g\u00fcler y\u00fczleriyle el sall\u0131yorlard\u0131.\u00a0 Art\u0131k \u00e7ok daha \u00e7abuk s\u0131ra oluyorduk ve \u00f6\u011fretmelerimiz bizleri fazla uyarma ihtiyac\u0131 hissetmiyorlard\u0131. E\u011fitim alaca\u011f\u0131m\u0131z alana do\u011fru kar\u0131ncalar gibi ilerliyorduk. E\u011fitim alan\u0131na geldi\u011fimizde oran\u0131 maskotu olan ke\u00e7i karde\u015f bizleri kar\u015f\u0131lad\u0131. Ald\u0131\u011f\u0131m\u0131z bilgiye g\u00f6re kendisi 15 g\u00fcnl\u00fckten bu yana \u00e7ocuklarla oynamaya al\u0131\u015f\u0131k oldu\u011fundan bizleri g\u00f6r\u00fcnce onun i\u00e7in de bu g\u00fczel g\u00fcn e\u011flenceli olacakt\u0131 diye d\u00fc\u015f\u00fcnd\u00fck. Banu ve Fatma \u00f6\u011fretmenlerimiz bizlere kek ve meyve suyu da\u011f\u0131t\u0131rken ke\u00e7i karde\u015f de bunlardan pay\u0131n\u0131 almak istercesine tahta masalar\u0131n \u00fczerinde dola\u015f\u0131yor ve kekini kendisiyle payla\u015facak ortak ar\u0131yordu. O kadar tatl\u0131yd\u0131 ki hepimizle teker teker oynamak istiyordu. Bizim i\u00e7in muhte\u015femdi. Tamamen do\u011fada oynamak ger\u00e7ekten \u00e7ok g\u00fczeldi. O s\u0131rada iki adet g\u00f6rkemli kangal k\u00f6pe\u011fi bizleri korumak amac\u0131yla etraf\u0131m\u0131zda dola\u015fmaya ba\u015flad\u0131. Sevgiyi ve \u015fefkati en iyi anlayan cinsti kangal. Ba\u015flad\u0131k onlarla da oynama ve onlar\u0131 sevmeye. Sonradan anlad\u0131k ki etraftaki ba\u015f\u0131 bo\u015f k\u00f6pekler onlar sayesinde bize yakla\u015famayacaklard\u0131. Bize o kadar sevecen davranan kangallar, yabanc\u0131 k\u00f6peklerin alan\u0131m\u0131za girme te\u015febb\u00fcs\u00fcne ok gibi f\u0131rlayarak gerekli cevab\u0131 vermi\u015flerdi.<\/p>\n<p>Ara \u00f6\u011f\u00fcn at\u0131\u015ft\u0131rmam\u0131z\u0131 bitirdikten sonra s\u0131ra do\u011fa y\u00fcr\u00fcy\u00fc\u015f\u00fcne gelmi\u015fti. Mehmet ve Arma\u011fan \u00f6\u011fretmen bu sefer bize s\u00fcrpriz yap\u0131p uzun bir y\u00fcr\u00fcy\u00fc\u015f parkuru haz\u0131rlam\u0131\u015flard\u0131. Yakla\u015f\u0131k 1 saat k\u0131sa molalar e\u015fli\u011finde g\u00f6let kenar\u0131ndan ba\u015flayan ve b\u00fcy\u00fck bir daireyle tamamlanan y\u00fcr\u00fcy\u00fc\u015f\u00fcm\u00fcz\u00fc yapt\u0131k. Ba\u015flang\u0131\u00e7ta inan\u0131lmaz olan bu parkur e\u011fimli yap\u0131s\u0131 nedeniyle zaman zaman bizlerin \u00e7ok yorulmas\u0131na neden oldu. O kadar yorulmu\u015ftuk ki sular\u0131m\u0131z imdad\u0131m\u0131za yeti\u015fti. Tabi bu y\u00fcr\u00fcy\u00fc\u015f esnas\u0131nda H\u00fcseyin ve Ayla \u00f6\u011fretmenlerimiz oradaki a\u011fa\u00e7 ve do\u011fal doku hakk\u0131nda bizlere k\u0131sa ve hat\u0131rlat\u0131c\u0131 bilgiler verdiler.<\/p>\n<p>Y\u00fcr\u00fcy\u00fc\u015f\u00fcm\u00fcz tamamland\u0131ktan sonra eskiden orman genel m\u00fcd\u00fcrl\u00fc\u011f\u00fcne ba\u011fl\u0131 olan ve \u015fu an i\u00e7in heykel park taraf\u0131ndan i\u015fletilen mekan\u0131n toplant\u0131 salonuna ge\u00e7tik. Her\u015fey m\u00fckemmel bir \u015fekilde haz\u0131rlanm\u0131\u015ft\u0131. Cemre \u00f6\u011fretmenimiz \u00f6nceki hafta yapt\u0131\u011f\u0131m\u0131z laboratuar e\u011fitimlerini k\u0131saca \u00a0g\u00f6rsel olarak bizlere hat\u0131rlatt\u0131.Ayr\u0131ca su da ya\u015fayan canl\u0131lar, g\u00f6zle g\u00f6r\u00fclen ve g\u00f6r\u00fclmeyen bitkiler hakk\u0131nda bilgilendirme temel bilgileri g\u00f6rsel olarak bizlere aktard\u0131. Bu bilgileri daha sonra g\u00f6let kenar\u0131ndaki y\u00fcr\u00fcy\u00fc\u015f\u00fcm\u00fcz s\u0131ras\u0131nda bizlere sorarak ve yeni bilgilerle destekleyerek bizler i\u00e7in kal\u0131c\u0131 olmas\u0131n\u0131 sa\u011flad\u0131.<\/p>\n<p>Sonraki e\u011fitimimiz Arma\u011fan ve Tevfik \u00f6\u011fretmenimiz taraf\u0131ndan verildi. Bu e\u011fitim bizim i\u00e7in son derece farkl\u0131 ve uygulamal\u0131 bir e\u011fitimdi. Konu temel ilk yard\u0131m ve olas\u0131 bir olay sonras\u0131nda yapacaklar\u0131m\u0131zd\u0131. Arma\u011fan \u00f6\u011fretmenimiz \u00f6ncelikle \u201cherhangi bir kazada ya da ya\u015fam\u0131 tehlikeye d\u00fc\u015f\u00fcren di\u011fer acil durumlarda, sa\u011fl\u0131k g\u00f6revlilerinin yard\u0131m\u0131 sa\u011flan\u0131ncaya kadar, hayat\u0131n kurtar\u0131lmas\u0131 ya da durumun daha k\u00f6t\u00fcye gitmesini \u00f6nlemek amac\u0131yla, ila\u00e7s\u0131z olarak yap\u0131lan uygulamalara\u201d ilkyard\u0131m dendi\u011fini bizlere aktard\u0131.\u00a0 Bunun bir tedavi olmad\u0131\u011f\u0131n\u0131 sadece sa\u011fl\u0131k personeli gelene kadar yaral\u0131n\u0131n ya\u015fam\u0131 koruma ve s\u00fcrd\u00fcr\u00fclmesini sa\u011flama, durumun k\u00f6t\u00fcle\u015fmesini engelleme ve iyile\u015fmesini kolayla\u015ft\u0131rma amac\u0131yla yard\u0131m i\u00e7in yap\u0131ld\u0131\u011f\u0131n\u0131 defalarca s\u00f6yledi. Ayr\u0131ca \u00e7evrede bulunan ki\u015filerin sa\u011fl\u0131k kurulu\u015flar\u0131na, itfaiye ve g\u00fcvenlik g\u00fc\u00e7lerine haber vermeleri i\u00e7in \u00e7aba g\u00f6sterilmesi gerekti\u011fini bizlere s\u00f6yledi.<\/p>\n<p>Arma\u011fan \u00f6\u011fretmenimiz, ilk yard\u0131m\u0131 yapan ki\u015finin \u00f6ncelikle sakin ve tela\u015fs\u0131z olmas\u0131 gerekti\u011fini, bu ki\u015finin yaral\u0131y\u0131 sakinle\u015ftirmesi gereklili\u011fini s\u00f6yleyerek bize \u00f6nemli bir konuyu \u00f6\u011fretti. Ayr\u0131ca yaral\u0131n\u0131n ne \u015fekilde ta\u015f\u0131nmas\u0131 gerekti\u011fini Tevfik \u00f6\u011fretmenimizi yere yat\u0131rarak canland\u0131rma yoluyla bizlere aktard\u0131. Bu e\u011fitimde yaral\u0131n\u0131n \u00f6ncelikle soluk yolunun a\u00e7\u0131lmas\u0131, solunumun d\u00fczeltilmesi ve dola\u015f\u0131m\u0131n etkinli\u011finin sa\u011flanmas\u0131 gereklili\u011fini vurgulad\u0131. Daha sonra yaral\u0131n\u0131n ne \u015fekilde ta\u015f\u0131nmas\u0131 gerekti\u011fini Tevfik \u00f6\u011fretmenimizi ta\u015f\u0131yarak g\u00f6sterdi. Bu konu ilgimizi o kadar \u00e7ekmi\u015fti ki sedye \u00fczerine birbirimizi yat\u0131rarak ta\u015f\u0131mak i\u00e7in neredeyse birbirimizi yaralayacakt\u0131k. B\u0131kmadan usanmadan hepimize defalarca g\u00f6sterdiler.<\/p>\n<p>Sonras\u0131nda yemek saati gelmi\u015fti. Ba\u015fka bir macera bizleri bekliyordu. G\u00f6let \u00fczerinde k\u0131y\u0131dan yakla\u015f\u0131 30 metre ilerisindeki g\u00f6l restauranta ge\u00e7memiz gerekecekti. \u00d6ncelikle el y\u0131kama temizlik gibi yemek \u00f6ncesi haz\u0131rl\u0131klar\u0131m\u0131z\u0131 tamamlad\u0131k. Sonra \u00f6\u011fretmelerimiz bizleri s\u0131raya soktular ve g\u00f6l restauranta ge\u00e7i\u015fte kullanaca\u011f\u0131m\u0131z sal hakk\u0131nda bilgi verdiler. O sal\u0131n \u00fczerinde dengede durmam\u0131z\u0131n \u00f6nemini ksi takdirde d\u00fc\u015febilece\u011fimiz bizlere anlatt\u0131lar. Tabi onlar anlatt\u0131k\u00e7a heyecan\u0131m\u0131z daha da art\u0131yordu. Hepimiz bu Cumartesi g\u00fcn\u00fc evlerimizde televizyon, bilgisayar oyunu \u00f6n\u00fcnde oturmak ve b\u00fct\u00fcn g\u00fcn i\u00e7 mekanda zihnimizin uyu\u015fmas\u0131 yerine, orman i\u00e7inde bu e\u015fsiz maceray\u0131 ya\u015fad\u0131\u011f\u0131m\u0131z i\u00e7in \u00e7ok mutluyduk.<\/p>\n<p>Mehmet ve Tu\u011fberk \u00f6\u011fretmenler bizleri s\u0131rayla g\u00f6l restauranta transfer ettiler. \u00c7ok e\u011fleniyorduk. Basit bir mekanizmayla sal bizi kar\u015f\u0131dan kar\u015f\u0131ya g\u00e7iriyordu. Sonu\u00e7ta g\u00f6l manzaras\u0131 e\u015fli\u011finde bizim i\u00e7in haz\u0131rlanm\u0131\u015f men\u00fcy\u00fc beklemeye ba\u015flad\u0131k. \u00c7ok ac\u0131km\u0131\u015ft\u0131k ve yerimizde duram\u0131yorduk. Muhte\u015fem men\u00fcler geldik\u00e7e rahatlad\u0131k ve do\u011fa y\u00fcr\u00fcy\u00fc\u015f\u00fcn\u00fcn olumlu etkisiyle t\u00fcm tabaklar\u0131 bitirmi\u015ftik. Sonras\u0131nda tekrar e\u011fitim alan\u0131m\u0131za ge\u00e7tik ve Arma\u011fan \u00f6\u011fretmenimiz bize olta ba\u011f\u0131n\u0131n nas\u0131l yap\u0131laca\u011f\u0131n\u0131 anlatt\u0131. B\u00f6ylece bir\u00e7ok ba\u011f\u0131 \u00f6\u011frenmi\u015ftik.<\/p>\n<p>Daha sonra \u00f6\u011fleden sonraki do\u011fa y\u00fcr\u00fcy\u00fc\u015f\u00fcm\u00fcz\u00fc yapt\u0131k ve g\u00f6let kenar\u0131nda Cemre \u00f6\u011fretmen bize su da ya\u015fayan canl\u0131lar hakk\u0131nda \u00f6nemli bilgiler verdi. Y\u00fcr\u00fcy\u00fc\u015f\u00fcm\u00fcz tamamland\u0131 ve e\u011fitim alan\u0131ndaki sal\u0131ncaklar serbest zaman i\u00e7in bizi bekliyordu. Yakla\u015f\u0131k yar\u0131m saat kontroll\u00fc ama serbest oyun zaman\u0131 ge\u00e7irdik. Birbirimize zarar vermeden bir sonraki etkinli\u011fimizin 15 g\u00fcn sonra olaca\u011f\u0131 bilinciyle b\u00fct\u00fcn enerjimiz bo\u015faltmaya \u00e7al\u0131\u015f\u0131yorduk. Son e\u011fitimimiz olan, \u201cDo\u011fada Ya\u015fanan Olaylar, Do\u011fan\u0131n Do\u011faya Olan Tehlikeleri Ve Do\u011fan\u0131n \u0130nsana Y\u00f6nelik Tehlikeleri\u201d konusunu H\u00fcseyin \u00f6\u011fretmenimiz ya\u015fad\u0131\u011f\u0131 orman i\u00e7i olaylardan yola \u00e7\u0131karak bizlere aktard\u0131. Orman yang\u0131nlar\u0131n\u0131n ne t\u00fcr fedakarl\u0131klarla s\u00f6nd\u00fcr\u00fcld\u00fc\u011f\u00fcn\u00fc bu e\u011fitimde bir kez daha anlam\u0131\u015ft\u0131k.<\/p>\n<p>Yola \u00e7\u0131kma zaman\u0131 gelmi\u015fti, yorulmu\u015f, e\u011flenmi\u015f ve ayn\u0131 zamanda \u00e7ok \u015fey \u00f6\u011frenmi\u015f olarak d\u00f6n\u00fcyorduk evimize.<\/p>\n","protected":false},"excerpt":{"rendered":"<p>6. Etkinli\u011fin Ard\u0131ndan&#8230; 30 Nisan 2011 g\u00fcn\u00fc her zamanki gibi sabah saat 9:00\u2032da \u00c7a\u011fda\u015f \u0130lk\u00f6\u011fretim Okulu\u2019nun \u00f6n\u00fcnde bulu\u015ftuk. Otob\u00fcs\u00fcm\u00fcz bizi g\u00f6t\u00fcrmek i\u00e7in haz\u0131rd\u0131 ve Mehmet ve Tu\u011fberk \u00f6\u011fretmenlerimiz yoklama yaparak yola \u00e7\u0131kma i\u00e7in son haz\u0131rl\u0131klar\u0131 yap\u0131yordu. Hava p\u0131r\u0131l p\u0131r\u0131ld\u0131 ve g\u00fcne\u015f bize hadi bakal\u0131m orman biziz \u00e7ocuklar\u0131 gene evrenden torpiliniz var dercesine bak\u0131yordu. K\u0131p\u0131r k\u0131p\u0131rd\u0131 [&hellip;]<\/p>\n","protected":false},"author":1,"featured_media":0,"parent":292,"menu_order":0,"comment_status":"open","ping_status":"open","template":"","meta":[],"_links":{"self":[{"href":"https:\/\/ormanbiziz.com\/index.php?rest_route=\/wp\/v2\/pages\/703"}],"collection":[{"href":"https:\/\/ormanbiziz.com\/index.php?rest_route=\/wp\/v2\/pages"}],"about":[{"href":"https:\/\/ormanbiziz.com\/index.php?rest_route=\/wp\/v2\/types\/page"}],"author":[{"embeddable":true,"href":"https:\/\/ormanbiziz.com\/index.php?rest_route=\/wp\/v2\/users\/1"}],"replies":[{"embeddable":true,"href":"https:\/\/ormanbiziz.com\/index.php?rest_route=%2Fwp%2Fv2%2Fcomments&post=703"}],"version-history":[{"count":2,"href":"https:\/\/ormanbiziz.com\/index.php?rest_route=\/wp\/v2\/pages\/703\/revisions"}],"predecessor-version":[{"id":705,"href":"https:\/\/ormanbiziz.com\/index.php?rest_route=\/wp\/v2\/pages\/703\/revisions\/705"}],"up":[{"embeddable":true,"href":"https:\/\/ormanbiziz.com\/index.php?rest_route=\/wp\/v2\/pages\/292"}],"wp:attachment":[{"href":"https:\/\/ormanbiziz.com\/index.php?rest_route=%2Fwp%2Fv2%2Fmedia&parent=703"}],"curies":[{"name":"wp","href":"https:\/\/api.w.org\/{rel}","templated":true}]}}