{"id":585,"date":"2010-12-17T10:39:02","date_gmt":"2010-12-17T10:39:02","guid":{"rendered":"http:\/\/ormanbiziz.com\/?page_id=585"},"modified":"2010-12-17T11:35:17","modified_gmt":"2010-12-17T11:35:17","slug":"3-etkinlik-video-clip","status":"publish","type":"page","link":"https:\/\/ormanbiziz.com\/?page_id=585","title":{"rendered":"2. Etkinlik Video-Clip"},"content":{"rendered":"<p><object width=\"400\" height=\"227\"><param name=\"allowfullscreen\" value=\"true\" \/><param name=\"allowscriptaccess\" value=\"always\" \/><param name=\"movie\" value=\"http:\/\/vimeo.com\/moogaloop.swf?clip_id=17916035&amp;server=vimeo.com&amp;show_title=1&amp;show_byline=1&amp;show_portrait=1&amp;color=00ADEF&amp;fullscreen=1&amp;autoplay=0&amp;loop=0\" \/><embed src=\"http:\/\/vimeo.com\/moogaloop.swf?clip_id=17916035&amp;server=vimeo.com&amp;show_title=1&amp;show_byline=1&amp;show_portrait=1&amp;color=00ADEF&amp;fullscreen=1&amp;autoplay=0&amp;loop=0\" type=\"application\/x-shockwave-flash\" allowfullscreen=\"true\" allowscriptaccess=\"always\" width=\"400\" height=\"227\"><\/embed><\/object><\/p>\n<p><a href=\"http:\/\/vimeo.com\/17916035\">\u0130kinci Etkinlik  Video-Clip<\/a> from <a href=\"http:\/\/vimeo.com\/user4909943\">Fikret Ucar<\/a> on <a href=\"http:\/\/vimeo.com\">Vimeo<\/a>.<\/p>\n<p><strong>2. Etkinlik Video-Clip,<\/strong> Y\u00fckleme ba\u015flad\u0131ktan sonra &#8220;pause&#8221; tu\u015funa basarak y\u00fcklemenin tamamlanmas\u0131n\u0131 bekleyin, bu \u015fekilde filmi daha ak\u0131c\u0131 \u015fekilde izleyebilirsiniz.<\/p>\n","protected":false},"excerpt":{"rendered":"<p>\u0130kinci Etkinlik Video-Clip from Fikret Ucar on Vimeo. 2. Etkinlik Video-Clip, Y\u00fckleme ba\u015flad\u0131ktan sonra &#8220;pause&#8221; tu\u015funa basarak y\u00fcklemenin tamamlanmas\u0131n\u0131 bekleyin, bu \u015fekilde filmi daha ak\u0131c\u0131 \u015fekilde izleyebilirsiniz.<\/p>\n","protected":false},"author":1,"featured_media":0,"parent":223,"menu_order":0,"comment_status":"open","ping_status":"open","template":"","meta":[],"_links":{"self":[{"href":"https:\/\/ormanbiziz.com\/index.php?rest_route=\/wp\/v2\/pages\/585"}],"collection":[{"href":"https:\/\/ormanbiziz.com\/index.php?rest_route=\/wp\/v2\/pages"}],"about":[{"href":"https:\/\/ormanbiziz.com\/index.php?rest_route=\/wp\/v2\/types\/page"}],"author":[{"embeddable":true,"href":"https:\/\/ormanbiziz.com\/index.php?rest_route=\/wp\/v2\/users\/1"}],"replies":[{"embeddable":true,"href":"https:\/\/ormanbiziz.com\/index.php?rest_route=%2Fwp%2Fv2%2Fcomments&post=585"}],"version-history":[{"count":6,"href":"https:\/\/ormanbiziz.com\/index.php?rest_route=\/wp\/v2\/pages\/585\/revisions"}],"predecessor-version":[{"id":588,"href":"https:\/\/ormanbiziz.com\/index.php?rest_route=\/wp\/v2\/pages\/585\/revisions\/588"}],"up":[{"embeddable":true,"href":"https:\/\/ormanbiziz.com\/index.php?rest_route=\/wp\/v2\/pages\/223"}],"wp:attachment":[{"href":"https:\/\/ormanbiziz.com\/index.php?rest_route=%2Fwp%2Fv2%2Fmedia&parent=585"}],"curies":[{"name":"wp","href":"https:\/\/api.w.org\/{rel}","templated":true}]}}