{"id":582,"date":"2010-12-05T08:46:03","date_gmt":"2010-12-05T08:46:03","guid":{"rendered":"http:\/\/ormanbiziz.com\/?page_id=582"},"modified":"2010-12-05T08:46:03","modified_gmt":"2010-12-05T08:46:03","slug":"1-etkinlik-video-clip","status":"publish","type":"page","link":"https:\/\/ormanbiziz.com\/?page_id=582","title":{"rendered":"1. Etkinlik Video-Clip"},"content":{"rendered":"<p><object classid=\"clsid:d27cdb6e-ae6d-11cf-96b8-444553540000\" width=\"400\" height=\"227\" codebase=\"http:\/\/download.macromedia.com\/pub\/shockwave\/cabs\/flash\/swflash.cab#version=6,0,40,0\"><param name=\"allowfullscreen\" value=\"true\" \/><param name=\"allowscriptaccess\" value=\"always\" \/><param name=\"src\" value=\"http:\/\/vimeo.com\/moogaloop.swf?clip_id=17439939&amp;server=vimeo.com&amp;show_title=1&amp;show_byline=1&amp;show_portrait=1&amp;color=00ADEF&amp;fullscreen=1&amp;autoplay=0&amp;loop=0\" \/><embed type=\"application\/x-shockwave-flash\" width=\"400\" height=\"227\" src=\"http:\/\/vimeo.com\/moogaloop.swf?clip_id=17439939&amp;server=vimeo.com&amp;show_title=1&amp;show_byline=1&amp;show_portrait=1&amp;color=00ADEF&amp;fullscreen=1&amp;autoplay=0&amp;loop=0\" allowscriptaccess=\"always\" allowfullscreen=\"true\"><\/embed><\/object><\/p>\n<p><strong>1. Etkinlik Video-Clip,<\/strong> Y\u00fckleme ba\u015flad\u0131ktan sonra &#8220;pause&#8221; tu\u015funa basarak y\u00fcklemenin tamamlanmas\u0131n\u0131 bekleyin, bu \u015fekilde filmi daha ak\u0131c\u0131 \u015fekilde izleyebilirsiniz.<\/p>\n","protected":false},"excerpt":{"rendered":"<p>1. Etkinlik Video-Clip, Y\u00fckleme ba\u015flad\u0131ktan sonra &#8220;pause&#8221; tu\u015funa basarak y\u00fcklemenin tamamlanmas\u0131n\u0131 bekleyin, bu \u015fekilde filmi daha ak\u0131c\u0131 \u015fekilde izleyebilirsiniz.<\/p>\n","protected":false},"author":1,"featured_media":0,"parent":223,"menu_order":0,"comment_status":"open","ping_status":"open","template":"","meta":[],"_links":{"self":[{"href":"https:\/\/ormanbiziz.com\/index.php?rest_route=\/wp\/v2\/pages\/582"}],"collection":[{"href":"https:\/\/ormanbiziz.com\/index.php?rest_route=\/wp\/v2\/pages"}],"about":[{"href":"https:\/\/ormanbiziz.com\/index.php?rest_route=\/wp\/v2\/types\/page"}],"author":[{"embeddable":true,"href":"https:\/\/ormanbiziz.com\/index.php?rest_route=\/wp\/v2\/users\/1"}],"replies":[{"embeddable":true,"href":"https:\/\/ormanbiziz.com\/index.php?rest_route=%2Fwp%2Fv2%2Fcomments&post=582"}],"version-history":[{"count":1,"href":"https:\/\/ormanbiziz.com\/index.php?rest_route=\/wp\/v2\/pages\/582\/revisions"}],"predecessor-version":[{"id":583,"href":"https:\/\/ormanbiziz.com\/index.php?rest_route=\/wp\/v2\/pages\/582\/revisions\/583"}],"up":[{"embeddable":true,"href":"https:\/\/ormanbiziz.com\/index.php?rest_route=\/wp\/v2\/pages\/223"}],"wp:attachment":[{"href":"https:\/\/ormanbiziz.com\/index.php?rest_route=%2Fwp%2Fv2%2Fmedia&parent=582"}],"curies":[{"name":"wp","href":"https:\/\/api.w.org\/{rel}","templated":true}]}}