{"id":373,"date":"2010-10-12T16:51:07","date_gmt":"2010-10-12T16:51:07","guid":{"rendered":"http:\/\/ormanbiziz.com\/?page_id=373"},"modified":"2010-10-18T06:11:54","modified_gmt":"2010-10-18T06:11:54","slug":"1-etkinligin-ardindan","status":"publish","type":"page","link":"https:\/\/ormanbiziz.com\/?page_id=373","title":{"rendered":"1. Etkinli\u011fin Ard\u0131ndan"},"content":{"rendered":"<h2><span style=\"font-weight: normal; font-size: 13px;\">2 Ekim 2010 g\u00fcn\u00fc saat 9:00\u2032da \u00c7a\u011fda\u015f \u0130lk\u00f6\u011fretim \u00a0Okulu\u2019nun \u00f6n\u00fcnde bulu\u015ftuk. Veliler, \u00f6\u011frenciler, bizler ve \u00e7ocuklar, hepimiz \u00e7ok heyecanl\u0131yd\u0131k. \u0130zin belgelerimizi \u00f6\u011fretmenlerimize vererek \u00a0haz\u0131rl\u0131klar\u0131m\u0131z\u0131 tamamlad\u0131k. \u00c7antalar\u0131m\u0131z\u0131, \u00e7al\u0131\u015fma malzemelerimizi ve sular\u0131m\u0131z\u0131 otob\u00fcse y\u00fckledik. \u00a0\u00c7ata\u00e7\u0131k orman alan\u0131na do\u011fru yola \u00e7\u0131kt\u0131k. Otob\u00fcste herkes \u00e7ok ne\u015feli ve mutluydu.<\/span><\/h2>\n<p>\u0130lk molay\u0131 Alpu\u2019daki \u00c7atac\u0131k Orman \u0130\u015fletme M\u00fcd\u00fcrl\u00fc\u011f\u00fc Tesislerinde verdik. Hep birlikte bizim i\u00e7in haz\u0131rlanan taze \u00e7aylardan i\u00e7tik, ara at\u0131\u015ft\u0131rma i\u00e7in ald\u0131\u011f\u0131m\u0131z kekleri yedik. Birbirimizle tan\u0131\u015f\u0131p kayna\u015fmaya ba\u015flad\u0131k. Bu keyifli molan\u0131n ard\u0131ndan ormana do\u011fru yola koyulduk. Orman giri\u015finde muhte\u015fem k\u0131z\u0131l \u00e7amlar, kara \u00e7amlar ve sedirler bizi kar\u015f\u0131lad\u0131. Y\u00fckseldik\u00e7e do\u011fal doku daha da g\u00fczelle\u015fti.<\/p>\n<p>\u00c7al\u0131\u015fma alan\u0131na vard\u0131\u011f\u0131m\u0131zda hepimiz ye\u015filli\u011fin kuca\u011f\u0131na at\u0131lmak i\u00e7in sab\u0131rs\u0131zlan\u0131yorduk. \u00c7antalar\u0131m\u0131z\u0131 s\u0131rt\u0131m\u0131za takt\u0131\u011f\u0131m\u0131z gibi araziye yay\u0131ld\u0131k. \u00d6nce tak\u0131m d\u00fczenimizi olu\u015fturduk.\u00a0 Tak\u0131m liderlerimiz g\u00f6revlerini, sorumluluklar\u0131n\u0131 \u00f6\u011frendiler. Ard\u0131ndan ilk tak\u0131m toplant\u0131m\u0131z\u0131 yapt\u0131k.\u00a0 D\u00fcd\u00fckle ileti\u015fim hakk\u0131nda bilgi edindik ve toplanma d\u00fcd\u00fck sinyalinin bir k\u0131sa bir uzun oldu\u011funu akl\u0131m\u0131za yerle\u015ftirdik. \u00c7al\u0131\u015fma malzemelerimiz aras\u0131nda bulunan katlanabilir oturma eleman\u0131n\u0131n kullan\u0131l\u0131\u015f\u0131n\u0131 \u00f6\u011frendik ve uygulayarak pratik kazand\u0131k.<\/p>\n<p>\u0130lk orman y\u00fcr\u00fcy\u00fc\u015f\u00fc i\u00e7in haz\u0131rd\u0131k. Tak\u0131mlar halinde d\u00fczenli bir \u015fekilde toplan\u0131p yola koyulduk. O da ne? Daha yolun ba\u015f\u0131nda \u00e7itlerin ard\u0131ndan bir geyik bizi kar\u015f\u0131lad\u0131\u2026\u00a0<em>\u201cHo\u015fgeldiniz\u201d<\/em> dedi\u00a0<em>\u201cburas\u0131 benim ya\u015fam alan\u0131m l\u00fctfen do\u011fan\u0131n verdiklerine yak\u0131\u015f\u0131r \u015fekilde davran\u0131n\u2026\u201d<\/em> ard\u0131ndan\u00a0<em>\u201cl\u00fctfen ormanda bu \u00f6\u011f\u00fcd\u00fcm\u00fc akl\u0131ndan \u00e7\u0131karma\u201d<\/em> dercesine uzun uzun b\u00f6\u011f\u00fcrd\u00fc. \u00c7ok sevimliydi. Geyik karde\u015fi selamlayarak yolumuza devam ettik. 10 dakika sonra oturma d\u00fczeninde Dr. Arma\u011fan \u00f6\u011fretmenimizin, sa\u011fl\u0131k ve y\u00fcr\u00fcy\u00fc\u015fle ilgili k\u0131sa ve yararl\u0131 konu\u015fmas\u0131n\u0131 dinledik. S\u0131k s\u0131k su i\u00e7mek gerekti\u011fini, y\u00fcr\u00fcrken zaman zaman kollar\u0131m\u0131z\u0131 yukar\u0131 kald\u0131rarak kan dola\u015f\u0131m\u0131n\u0131 h\u0131zland\u0131rmam\u0131z gerekti\u011fini \u00f6\u011frendik. Oksijen dolu, tertemiz orman havas\u0131nda karn\u0131m\u0131z biraz ac\u0131kmaya ba\u015flam\u0131\u015ft\u0131. Kamp alan\u0131m\u0131za do\u011fru yola koyulduk. Yakla\u015ft\u0131k\u00e7a mangaldaki g\u00fczel yiyeceklerin kokusu burnumuza gelmeye ba\u015flad\u0131.<\/p>\n<p>S\u0131raya girerek d\u00fczenli bir \u015fekilde yemeklerimizi ald\u0131k. Hepimizin i\u015ftah\u0131 a\u00e7\u0131lm\u0131\u015ft\u0131, birlikte g\u00fczelce yeme\u011fimizi yedik. Karn\u0131m\u0131z doyunca orman\u0131n ye\u015fili, g\u00f6ky\u00fcz\u00fcn\u00fcn mavisi daha da g\u00fczel g\u00f6r\u00fcnd\u00fc g\u00f6z\u00fcm\u00fcze. K\u0131sa bir do\u011fa etkinli\u011finin ard\u0131ndan s\u0131ra bilgi a\u00e7l\u0131\u011f\u0131m\u0131z\u0131 gidermeye gelmi\u015fti. \u00c7atac\u0131k Orman \u0130\u015fletme \u015eefi \u0130lkay Y\u0131ld\u0131r\u0131m \u00f6\u011fretmenimizin etraf\u0131nda topland\u0131k. D\u00fcnyan\u0131n olu\u015fumu yery\u00fcz\u00fc \u015fekillerinden ba\u015flayarak ormanlar ve do\u011fadaki rol\u00fcyle ilgili \u00e7ok g\u00fczel bilgiler edindik. Ormanlar\u0131n \u00f6nemini, 5000\u2032den fazla alanda orman \u00fcr\u00fcnlerinin kullan\u0131ld\u0131\u011f\u0131n\u0131 \u00f6\u011frendik. Ard\u0131ndan Esin \u00d6zta\u015f \u00f6\u011fretmenimiz, do\u011fal hayat ve ekosistem hakk\u0131nda \u00e7ok g\u00fczel bilgiler verdi. Her ne kadar \u201cEkosistem\u201d konusunu 3. etkinli\u011fimizde i\u015fleyece\u011fimizi bilsek de, bu giri\u015f hepimizin \u00e7ok ho\u015funa gitti. Bu konuyu derinlemesine \u00f6\u011frenebilmek i\u00e7in daha da heyecanland\u0131k.<\/p>\n<p>Art\u0131k mavi g\u00f6ky\u00fcz\u00fcn\u00fcn alt\u0131nda di\u011fer bir etkinli\u011fe gelmi\u015fti s\u0131ra, k\u0131sa bir y\u00fcr\u00fcy\u00fc\u015ften sonra. Arma\u011fan \u00f6\u011fretmen \u00e7antam\u0131zdaki iplerimizi \u00e7\u0131karmam\u0131z\u0131 s\u00f6yledi. \u0130lk etkinli\u011fimizde \u00f6\u011frenece\u011fimiz ba\u011f\u00a0<strong>Izbar\u00e7o<\/strong> ba\u011f\u0131yd\u0131. Bu ba\u011f\u0131n d\u00fcnyada en yayg\u0131n kullan\u0131lan ba\u011flardan oldu\u011funu, denizcilik ve kamp\u00e7\u0131l\u0131kta temel bilgiler i\u00e7inde yer ald\u0131\u011f\u0131n\u0131 \u00f6\u011frendik. \u00d6nce k\u00fc\u00e7\u00fck bir halka yaparak tav\u015fan\u0131n yuvas\u0131n\u0131 olu\u015fturuyorduk, sonra tav\u015fan yuvadan \u00e7\u0131k\u0131yor, \u015f\u00f6yle bir etrafa bak\u0131p a\u011fac\u0131n etraf\u0131ndan dola\u015f\u0131p tekrar yuvaya d\u00f6n\u00fcyordu\u2026 \u0130\u015fte bu kadar\u2026 \u00d6yk\u00fcs\u00fcyle birlikte \u00e7ok da ak\u0131lda kal\u0131c\u0131 \u015fekilde hemen kavrad\u0131k bu ba\u011f\u0131. Arma\u011fan \u00d6\u011fretmen evde de tekrar etmemiz gerekti\u011fini, hatta g\u00f6z\u00fcm\u00fcz kapal\u0131 bu ba\u011f\u0131 yapar hale gelmemizi \u00f6\u011f\u00fctledi.<\/p>\n<p>Etraf\u0131m\u0131z a\u011fa\u00e7 doluydu. Acaba bu a\u011fa\u00e7lar ka\u00e7 ya\u015f\u0131ndayd\u0131? A\u011fac\u0131n ya\u015f\u0131n\u0131n kesitindeki halkalarla \u00f6\u011frenildi\u011fini az \u00e7ok biliyorduk, ancak hi\u00e7 uygulamam\u0131\u015ft\u0131k. H\u00fcseyin \u00d6\u011fretmenimiz, yolun kenar\u0131ndaki kesilmi\u015f bir a\u011fa\u00e7tan halkalar\u0131 saymay\u0131 \u00f6\u011fretti. Bir koyu bir a\u00e7\u0131k halkalardan sadece a\u00e7\u0131k veya koyular\u0131 sayarak, merkeze kadar olan b\u00f6l\u00fcmden a\u011fac\u0131n ya\u015f\u0131n\u0131 saptayabilece\u011fimizi \u00f6\u011frendik. Ard\u0131ndan H\u00fcseyin \u00d6\u011fretmen, \u00e7antas\u0131ndan ilgin\u00e7 bir ara\u00e7 \u00e7\u0131kard\u0131 ve a\u011fac\u0131 kesmeden de a\u011fac\u0131n ya\u015f\u0131n\u0131n \u00f6\u011frenilebilece\u011fini, bunun i\u00e7in elindeki\u00a0<strong>\u201cArt\u0131m Burgusu\u201d<\/strong><strong> <\/strong>ismi verilen aletten yararlanaca\u011f\u0131n\u0131 s\u00f6yledi. Yak\u0131ndaki bir a\u011fac\u0131n yan\u0131na ge\u00e7ip art\u0131m burgusunu \u00e7evirerek a\u011faca saplamaya ba\u015flad\u0131. Hemen endi\u015felendik, \u201cpeki bu a\u011faca zarar vermiyor mu?\u201d diye hayk\u0131rd\u0131k. Cevap hepimizi mutlu etti. Bunun a\u011faca zarar vermedi\u011fini, a\u011fac\u0131n bu k\u00fc\u00e7\u00fcc\u00fck deli\u011fi hemen onard\u0131\u011f\u0131n\u0131 \u00f6\u011frenince y\u00fcre\u011fimize su serpildi, \u00e7\u00fcnk\u00fc orman bizdik\u2026<\/p>\n<p>Anne ve babalar\u0131m\u0131z\u0131n ilk etkinli\u011fin ard\u0131ndan sab\u0131rs\u0131zl\u0131kla Eski\u015fehir\u2019de bekledi\u011fini bilen \u00f6\u011fretmenlerimiz, d\u00f6n\u00fc\u015f i\u00e7in haz\u0131rl\u0131klara ba\u015flad\u0131lar. Tak\u0131mlar halinde kamp alan\u0131na d\u00f6nd\u00fck ve meyvelerimizi yedikten sonra otob\u00fcse dolu\u015ftuk. \u0130lk olarak Alpu\u2019da bize kat\u0131lan arkada\u015flar\u0131m\u0131z\u0131 evlerine b\u0131rakt\u0131k, sonra yolumuza devam ettik. Otob\u00fcste kimimiz \u00f6\u011frendi\u011fi \u0131zbar\u00e7o ba\u011f\u0131n\u0131 peki\u015ftiriyor, kimimiz ge\u00e7irdi\u011fi bu unutulmaz g\u00fcn\u00fc d\u00fc\u015f\u00fcn\u00fcyor, kimimiz de yoldan d\u0131\u015far\u0131y\u0131 seyrederek do\u011fan\u0131n bize sundu\u011fu bu g\u00fczelliklerin tad\u0131n\u0131 \u00e7\u0131kar\u0131yordu. Aradaki program d\u0131\u015f\u0131 tuvalet molalar\u0131 y\u00fcz\u00fcnd\u00fcn biraz ge\u00e7ikti\u011fimizi ve her\u015feyin yolunda oldu\u011funu bizleri bekleyen velilerimize bildirerek tela\u015flanmamalar\u0131n\u0131 sa\u011flad\u0131k. Biraz yorgunluk, ald\u0131\u011f\u0131m\u0131z tertemiz oksijenin enerjisi ve \u00f6\u011frendi\u011fimiz onca \u015feyle okulumuzun \u00f6n\u00fcndeki hareket noktam\u0131za geri d\u00f6nd\u00fck. Otob\u00fcs \u00f6n\u00fcnde s\u0131raya girerek d\u00fczenli \u015fekilde haz\u0131rl\u0131\u011f\u0131m\u0131z\u0131 tamamlad\u0131k ve bizleri bekleyen b\u00fcy\u00fcklerimizle kucakla\u015ft\u0131k. \u00a0\u00c7ok ama \u00e7ok g\u00fczel bir g\u00fcn ge\u00e7irmi\u015ftik.<\/p>\n<p>Akl\u0131m\u0131zda 2. etkinlik ve bize sa\u011flayaca\u011f\u0131 kazan\u0131mlar\u0131 d\u00fc\u015f\u00fcnerek evlerimizin yolunu tuttuk\u2026<\/p>\n","protected":false},"excerpt":{"rendered":"<p>2 Ekim 2010 g\u00fcn\u00fc saat 9:00\u2032da \u00c7a\u011fda\u015f \u0130lk\u00f6\u011fretim \u00a0Okulu\u2019nun \u00f6n\u00fcnde bulu\u015ftuk. Veliler, \u00f6\u011frenciler, bizler ve \u00e7ocuklar, hepimiz \u00e7ok heyecanl\u0131yd\u0131k. \u0130zin belgelerimizi \u00f6\u011fretmenlerimize vererek \u00a0haz\u0131rl\u0131klar\u0131m\u0131z\u0131 tamamlad\u0131k. \u00c7antalar\u0131m\u0131z\u0131, \u00e7al\u0131\u015fma malzemelerimizi ve sular\u0131m\u0131z\u0131 otob\u00fcse y\u00fckledik. \u00a0\u00c7ata\u00e7\u0131k orman alan\u0131na do\u011fru yola \u00e7\u0131kt\u0131k. Otob\u00fcste herkes \u00e7ok ne\u015feli ve mutluydu. \u0130lk molay\u0131 Alpu\u2019daki \u00c7atac\u0131k Orman \u0130\u015fletme M\u00fcd\u00fcrl\u00fc\u011f\u00fc Tesislerinde verdik. Hep birlikte [&hellip;]<\/p>\n","protected":false},"author":1,"featured_media":0,"parent":292,"menu_order":0,"comment_status":"open","ping_status":"open","template":"","meta":[],"_links":{"self":[{"href":"https:\/\/ormanbiziz.com\/index.php?rest_route=\/wp\/v2\/pages\/373"}],"collection":[{"href":"https:\/\/ormanbiziz.com\/index.php?rest_route=\/wp\/v2\/pages"}],"about":[{"href":"https:\/\/ormanbiziz.com\/index.php?rest_route=\/wp\/v2\/types\/page"}],"author":[{"embeddable":true,"href":"https:\/\/ormanbiziz.com\/index.php?rest_route=\/wp\/v2\/users\/1"}],"replies":[{"embeddable":true,"href":"https:\/\/ormanbiziz.com\/index.php?rest_route=%2Fwp%2Fv2%2Fcomments&post=373"}],"version-history":[{"count":9,"href":"https:\/\/ormanbiziz.com\/index.php?rest_route=\/wp\/v2\/pages\/373\/revisions"}],"predecessor-version":[{"id":376,"href":"https:\/\/ormanbiziz.com\/index.php?rest_route=\/wp\/v2\/pages\/373\/revisions\/376"}],"up":[{"embeddable":true,"href":"https:\/\/ormanbiziz.com\/index.php?rest_route=\/wp\/v2\/pages\/292"}],"wp:attachment":[{"href":"https:\/\/ormanbiziz.com\/index.php?rest_route=%2Fwp%2Fv2%2Fmedia&parent=373"}],"curies":[{"name":"wp","href":"https:\/\/api.w.org\/{rel}","templated":true}]}}