{"id":223,"date":"2010-10-07T16:13:51","date_gmt":"2010-10-07T16:13:51","guid":{"rendered":"http:\/\/ormanbiziz.com\/?page_id=223"},"modified":"2010-10-12T17:13:19","modified_gmt":"2010-10-12T17:13:19","slug":"video","status":"publish","type":"page","link":"https:\/\/ormanbiziz.com\/?page_id=223","title":{"rendered":"Videolar"},"content":{"rendered":"<p>Ak\u0131\u015fkan \u015fekilde izlemek i\u00e7in Pause tu\u015funa bas\u0131p, y\u00fcklenmesini bekleyiniz.<\/p>\n<p><object classid=\"clsid:d27cdb6e-ae6d-11cf-96b8-444553540000\" width=\"480\" height=\"272\" codebase=\"http:\/\/download.macromedia.com\/pub\/shockwave\/cabs\/flash\/swflash.cab#version=6,0,40,0\"><param name=\"allowFullScreen\" value=\"true\" \/><param name=\"allowScriptAccess\" value=\"always\" \/><param name=\"src\" value=\"http:\/\/www.dailymotion.com\/swf\/video\/xf3v58_izbarco-bayy_tech?additionalInfos=0\" \/><param name=\"allowfullscreen\" value=\"true\" \/><embed type=\"application\/x-shockwave-flash\" width=\"480\" height=\"272\" src=\"http:\/\/www.dailymotion.com\/swf\/video\/xf3v58_izbarco-bayy_tech?additionalInfos=0\" allowscriptaccess=\"always\" allowfullscreen=\"true\"><\/embed><\/object><br \/>\n<strong><a href=\"http:\/\/www.dailymotion.com\/video\/xf3v58_izbarco-bayy_tech\">Izbarco Ba\u011f\u0131<\/a><\/strong><br \/>\n<em>Y\u00fckleyen <a href=\"http:\/\/www.dailymotion.com\/tfucar\">tfucar<\/a>. &#8211; <a href=\"http:\/\/www.dailymotion.com\/tr\/channel\/tech\"><\/a><\/em><\/p>\n<p><object classid=\"clsid:d27cdb6e-ae6d-11cf-96b8-444553540000\" width=\"480\" height=\"272\" codebase=\"http:\/\/download.macromedia.com\/pub\/shockwave\/cabs\/flash\/swflash.cab#version=6,0,40,0\"><param name=\"allowFullScreen\" value=\"true\" \/><param name=\"allowScriptAccess\" value=\"always\" \/><param name=\"src\" value=\"http:\/\/www.dailymotion.com\/swf\/video\/xf3v2w?width=480&amp;theme=none&amp;foreground=%23F7FFFD&amp;highlight=%23FFC300&amp;background=%23171D1B&amp;hideInfos=1&amp;start=&amp;animatedTitle=&amp;iframe=0&amp;additionalInfos=0&amp;autoPlay=0\" \/><param name=\"allowfullscreen\" value=\"true\" \/><embed type=\"application\/x-shockwave-flash\" width=\"480\" height=\"272\" src=\"http:\/\/www.dailymotion.com\/swf\/video\/xf3v2w?width=480&amp;theme=none&amp;foreground=%23F7FFFD&amp;highlight=%23FFC300&amp;background=%23171D1B&amp;hideInfos=1&amp;start=&amp;animatedTitle=&amp;iframe=0&amp;additionalInfos=0&amp;autoPlay=0\" allowscriptaccess=\"always\" allowfullscreen=\"true\"><\/embed><\/object><br \/>\n<strong><a href=\"http:\/\/www.dailymotion.com\/video\/xf3v2w_artym-burgusu_tech\">Art\u0131m Burgusu<\/a><\/strong><br \/>\n<em>Y\u00fckleyen <a href=\"http:\/\/www.dailymotion.com\/tfucar\">tfucar<\/a>. &#8211; <a href=\"http:\/\/www.dailymotion.com\/tr\/channel\/tech\"><\/a><\/em><\/p>\n","protected":false},"excerpt":{"rendered":"<p>Ak\u0131\u015fkan \u015fekilde izlemek i\u00e7in Pause tu\u015funa bas\u0131p, y\u00fcklenmesini bekleyiniz. Izbarco Ba\u011f\u0131 Y\u00fckleyen tfucar. &#8211; Art\u0131m Burgusu Y\u00fckleyen tfucar. &#8211;<\/p>\n","protected":false},"author":1,"featured_media":0,"parent":0,"menu_order":0,"comment_status":"open","ping_status":"open","template":"","meta":[],"_links":{"self":[{"href":"https:\/\/ormanbiziz.com\/index.php?rest_route=\/wp\/v2\/pages\/223"}],"collection":[{"href":"https:\/\/ormanbiziz.com\/index.php?rest_route=\/wp\/v2\/pages"}],"about":[{"href":"https:\/\/ormanbiziz.com\/index.php?rest_route=\/wp\/v2\/types\/page"}],"author":[{"embeddable":true,"href":"https:\/\/ormanbiziz.com\/index.php?rest_route=\/wp\/v2\/users\/1"}],"replies":[{"embeddable":true,"href":"https:\/\/ormanbiziz.com\/index.php?rest_route=%2Fwp%2Fv2%2Fcomments&post=223"}],"version-history":[{"count":25,"href":"https:\/\/ormanbiziz.com\/index.php?rest_route=\/wp\/v2\/pages\/223\/revisions"}],"predecessor-version":[{"id":398,"href":"https:\/\/ormanbiziz.com\/index.php?rest_route=\/wp\/v2\/pages\/223\/revisions\/398"}],"wp:attachment":[{"href":"https:\/\/ormanbiziz.com\/index.php?rest_route=%2Fwp%2Fv2%2Fmedia&parent=223"}],"curies":[{"name":"wp","href":"https:\/\/api.w.org\/{rel}","templated":true}]}}